{"id":168,"date":"2022-01-21T20:19:52","date_gmt":"2022-01-21T20:19:52","guid":{"rendered":"https:\/\/www.iscool.cz\/?page_id=168"},"modified":"2022-01-21T21:23:28","modified_gmt":"2022-01-21T21:23:28","slug":"o-stredni-skole-u2b-v-deniku-metro","status":"publish","type":"page","link":"https:\/\/www.iscool.cz\/index.php\/2022-skola-u2b\/o-stredni-skole-u2b-v-deniku-metro\/","title":{"rendered":"Den\u00edk Metro o \u0161kole U2B"},"content":{"rendered":"\n<p><strong>\u010cl\u00e1nek v Metru 21.1.2022 chv\u00e1l\u00ed \u017e\u00e1ky st\u0159edn\u00ed \u0161koly multimedi\u00e1ln\u00ed tvorby U2B<\/strong><\/p>\n\n\n\n<figure class=\"wp-block-image size-large\"><img loading=\"lazy\" width=\"574\" height=\"1024\" src=\"https:\/\/www.iscool.cz\/wp-content\/uploads\/2022\/01\/Denik-Metro-o-skole-U2B-574x1024.jpg\" alt=\"Den\u00edk Metro pi\u0161e o \u017e\u00e1c\u00edch st\u0159edn\u00ed \u0161koly U2B\" class=\"wp-image-184\" srcset=\"https:\/\/www.iscool.cz\/wp-content\/uploads\/2022\/01\/Denik-Metro-o-skole-U2B-574x1024.jpg 574w, https:\/\/www.iscool.cz\/wp-content\/uploads\/2022\/01\/Denik-Metro-o-skole-U2B-168x300.jpg 168w, https:\/\/www.iscool.cz\/wp-content\/uploads\/2022\/01\/Denik-Metro-o-skole-U2B-768x1371.jpg 768w, https:\/\/www.iscool.cz\/wp-content\/uploads\/2022\/01\/Denik-Metro-o-skole-U2B-861x1536.jpg 861w, https:\/\/www.iscool.cz\/wp-content\/uploads\/2022\/01\/Denik-Metro-o-skole-U2B-1147x2048.jpg 1147w, https:\/\/www.iscool.cz\/wp-content\/uploads\/2022\/01\/Denik-Metro-o-skole-U2B-1024x1828.jpg 1024w, https:\/\/www.iscool.cz\/wp-content\/uploads\/2022\/01\/Denik-Metro-o-skole-U2B-605x1080.jpg 605w, https:\/\/www.iscool.cz\/wp-content\/uploads\/2022\/01\/Denik-Metro-o-skole-U2B.jpg 1264w\" sizes=\"(max-width: 574px) 100vw, 574px\" \/><figcaption>St\u0159edn\u00ed \u0161kola U2B na str\u00e1nk\u00e1ch den\u00edku Metro<\/figcaption><\/figure>\n\n\n\n<p><\/p>\n","protected":false},"excerpt":{"rendered":"<p>\u010cl\u00e1nek v Metru 21.1.2022 chv\u00e1l\u00ed \u017e\u00e1ky st\u0159edn\u00ed \u0161koly multimedi\u00e1ln\u00ed tvorby U2B<\/p>\n","protected":false},"author":2,"featured_media":0,"parent":173,"menu_order":0,"comment_status":"closed","ping_status":"closed","template":"","meta":[],"_links":{"self":[{"href":"https:\/\/www.iscool.cz\/index.php\/wp-json\/wp\/v2\/pages\/168"}],"collection":[{"href":"https:\/\/www.iscool.cz\/index.php\/wp-json\/wp\/v2\/pages"}],"about":[{"href":"https:\/\/www.iscool.cz\/index.php\/wp-json\/wp\/v2\/types\/page"}],"author":[{"embeddable":true,"href":"https:\/\/www.iscool.cz\/index.php\/wp-json\/wp\/v2\/users\/2"}],"replies":[{"embeddable":true,"href":"https:\/\/www.iscool.cz\/index.php\/wp-json\/wp\/v2\/comments?post=168"}],"version-history":[{"count":15,"href":"https:\/\/www.iscool.cz\/index.php\/wp-json\/wp\/v2\/pages\/168\/revisions"}],"predecessor-version":[{"id":199,"href":"https:\/\/www.iscool.cz\/index.php\/wp-json\/wp\/v2\/pages\/168\/revisions\/199"}],"up":[{"embeddable":true,"href":"https:\/\/www.iscool.cz\/index.php\/wp-json\/wp\/v2\/pages\/173"}],"wp:attachment":[{"href":"https:\/\/www.iscool.cz\/index.php\/wp-json\/wp\/v2\/media?parent=168"}],"curies":[{"name":"wp","href":"https:\/\/api.w.org\/{rel}","templated":true}]}}