{"id":6,"date":"2021-07-09T11:30:21","date_gmt":"2021-07-09T11:30:21","guid":{"rendered":"https:\/\/www.iscool.cz\/?page_id=6"},"modified":"2022-01-21T20:41:53","modified_gmt":"2022-01-21T20:41:53","slug":"stredni-skola-u2b","status":"publish","type":"page","link":"https:\/\/www.iscool.cz\/index.php\/stredni-skola-u2b\/","title":{"rendered":"2021"},"content":{"rendered":"\n<p>Tiskov\u00e1 odezva na festival \u0161koly U2B v region\u00e1ln\u00edch novin\u00e1ch<\/p>\n\n\n\n<ol><li>Film (Tade\u00e1\u0161 Bogn\u00e1r)<\/li><li>Fotografie (Anna-Nicolette Vacinov\u00e1)<\/li><li>Dramaturgie (Zina Hereitov\u00e1)<\/li><li>Grafick\u00fd design (Samuel \u0160\u010derb\u00e1k)<\/li><li>Tvorba jinglu (Josef Ka\u0148ka)<\/li><li>Filmov\u00e1 zn\u011blka \u0161koly (Daniel Streda)<\/li><\/ol>\n\n\n\n<p>Organiz\u00e1tor: U2B | mutimedi\u00e1ln\u00ed st\u0159edn\u00ed \u0161kola Bu\u0161t\u011bhrad<br><\/p>\n\n\n\n<p><\/p>\n","protected":false},"excerpt":{"rendered":"<p>Tiskov\u00e1 odezva na festival \u0161koly U2B v region\u00e1ln\u00edch novin\u00e1ch Film (Tade\u00e1\u0161 Bogn\u00e1r) Fotografie (Anna-Nicolette Vacinov\u00e1) Dramaturgie (Zina Hereitov\u00e1) Grafick\u00fd design (Samuel \u0160\u010derb\u00e1k) Tvorba jinglu (Josef Ka\u0148ka) Filmov\u00e1 zn\u011blka \u0161koly (Daniel Streda) Organiz\u00e1tor: U2B | mutimedi\u00e1ln\u00ed st\u0159edn\u00ed \u0161kola Bu\u0161t\u011bhrad<\/p>\n","protected":false},"author":2,"featured_media":0,"parent":0,"menu_order":0,"comment_status":"closed","ping_status":"closed","template":"","meta":[],"_links":{"self":[{"href":"https:\/\/www.iscool.cz\/index.php\/wp-json\/wp\/v2\/pages\/6"}],"collection":[{"href":"https:\/\/www.iscool.cz\/index.php\/wp-json\/wp\/v2\/pages"}],"about":[{"href":"https:\/\/www.iscool.cz\/index.php\/wp-json\/wp\/v2\/types\/page"}],"author":[{"embeddable":true,"href":"https:\/\/www.iscool.cz\/index.php\/wp-json\/wp\/v2\/users\/2"}],"replies":[{"embeddable":true,"href":"https:\/\/www.iscool.cz\/index.php\/wp-json\/wp\/v2\/comments?post=6"}],"version-history":[{"count":22,"href":"https:\/\/www.iscool.cz\/index.php\/wp-json\/wp\/v2\/pages\/6\/revisions"}],"predecessor-version":[{"id":179,"href":"https:\/\/www.iscool.cz\/index.php\/wp-json\/wp\/v2\/pages\/6\/revisions\/179"}],"wp:attachment":[{"href":"https:\/\/www.iscool.cz\/index.php\/wp-json\/wp\/v2\/media?parent=6"}],"curies":[{"name":"wp","href":"https:\/\/api.w.org\/{rel}","templated":true}]}}